{"id":630,"date":"2021-04-08T15:00:11","date_gmt":"2021-04-08T13:00:11","guid":{"rendered":"https:\/\/bcservices.ch\/?page_id=630"},"modified":"2024-01-07T12:23:02","modified_gmt":"2024-01-07T11:23:02","slug":"impressum","status":"publish","type":"page","link":"https:\/\/bcservices.ch\/en\/impressum\/","title":{"rendered":"Impressum"},"content":{"rendered":"\n<p><strong>Adresse:<\/strong><\/p>\n\n\n\n<p>RTV Broadcast Services GmbH<br>Schwarzseestrasse 216<br>1716 Schwarzsee<br>SCHWEIZ<br><br><a href=\"http:\/\/bcservices.ch\/kontakt\/\" data-type=\"page\" data-id=\"96\">Kontaktformular<\/a><br><br><strong>Vertreten durch<br><\/strong>Oliver Wechsler<br><br><strong>Firmenidentifikationsnummer (UID)<br><\/strong>CHE-132.807.473<br><br><strong>Handelsregister des Kantons Freiburg<br><\/strong>Aktennummer  03594\/2019<\/p>\n\n\n\n<p><strong>Haftungsausschluss<\/strong><\/p>\n\n\n\n<p>Die Firma RTV Broadcast Services GmbH bietet auf dieser Seite Informationen \u00fcber ihre Angebote an. Obwohl die Informationen st\u00e4ndig auf dem neuesten Stand gehalten werden, \u00fcbernimmt RTV Broadcast Services keine Verantwortung f\u00fcr die Aktualit\u00e4t und Richtigkeit der aufgef\u00fchrten Daten.<\/p>\n\n\n\n<p>Insbesondere wird jede Haftung f\u00fcr den Inhalt ausdr\u00fccklich abgelehnt, sei es dass dieser rechtswidrig, unsittlich oder auch nur schon nicht altersgem\u00e4ss ist. Der Besucher einer solchen Webseite, auf die innerhalb des Webauftrittes von RTV Broadcast Services gelinkt wird, tr\u00e4gt die Verantwortung f\u00fcr seinen Besuch vollumf\u00e4nglich selbst.<\/p>\n\n\n\n<p>www.bcservices.ch ist der offizielle Internet-Auftritt der Firma RTV Broadcast Services GmbH.<br>F\u00fcr weitere Ausk\u00fcnfte k\u00f6nnen Sie uns jederzeit direkt kontaktieren.<\/p>\n\n\n\n<p><strong>\u00a9 2024 RTV Broadcast Services GmbH  <\/strong><\/p>\n","protected":false},"excerpt":{"rendered":"<p>Adresse: RTV Broadcast Services GmbHSchwarzseestrasse 2161716 SchwarzseeSCHWEIZ Kontaktformular Vertreten durchOliver Wechsler Firmenidentifikationsnummer (UID)CHE-132.807.473 Handelsregister des Kantons FreiburgAktennummer 03594\/2019 Haftungsausschluss Die Firma RTV Broadcast Services GmbH bietet auf dieser Seite Informationen \u00fcber ihre Angebote an. Obwohl die Informationen st\u00e4ndig auf dem neuesten Stand gehalten werden, \u00fcbernimmt RTV Broadcast Services keine Verantwortung f\u00fcr die Aktualit\u00e4t und Richtigkeit [&hellip;]<\/p>\n","protected":false},"author":1,"featured_media":0,"parent":0,"menu_order":0,"comment_status":"closed","ping_status":"closed","template":"","meta":{"footnotes":""},"translation":{"provider":"WPGlobus","version":"2.12.2","language":"en","enabled_languages":["de","en"],"languages":{"de":{"title":true,"content":true,"excerpt":false},"en":{"title":false,"content":false,"excerpt":false}}},"_links":{"self":[{"href":"https:\/\/bcservices.ch\/en\/wp-json\/wp\/v2\/pages\/630"}],"collection":[{"href":"https:\/\/bcservices.ch\/en\/wp-json\/wp\/v2\/pages"}],"about":[{"href":"https:\/\/bcservices.ch\/en\/wp-json\/wp\/v2\/types\/page"}],"author":[{"embeddable":true,"href":"https:\/\/bcservices.ch\/en\/wp-json\/wp\/v2\/users\/1"}],"replies":[{"embeddable":true,"href":"https:\/\/bcservices.ch\/en\/wp-json\/wp\/v2\/comments?post=630"}],"version-history":[{"count":8,"href":"https:\/\/bcservices.ch\/en\/wp-json\/wp\/v2\/pages\/630\/revisions"}],"predecessor-version":[{"id":815,"href":"https:\/\/bcservices.ch\/en\/wp-json\/wp\/v2\/pages\/630\/revisions\/815"}],"wp:attachment":[{"href":"https:\/\/bcservices.ch\/en\/wp-json\/wp\/v2\/media?parent=630"}],"curies":[{"name":"wp","href":"https:\/\/api.w.org\/{rel}","templated":true}]}}